{"id":639,"date":"2026-01-13T08:05:19","date_gmt":"2026-01-13T07:05:19","guid":{"rendered":"https:\/\/bons-baisers-de-paris.com\/datenschutzerklaerung\/"},"modified":"2026-02-22T15:00:13","modified_gmt":"2026-02-22T14:00:13","slug":"datenschutzerklaerung","status":"publish","type":"page","link":"https:\/\/bons-baisers-de-paris.com\/en\/datenschutzerklaerung\/","title":{"rendered":"Datenschutzerkl\u00e4rung"},"content":{"rendered":"\n<h3 class=\"wp-block-heading\">1. Datenschutz auf einen Blick<\/h3>\n\n\n\n<h4 class=\"wp-block-heading\">Allgemeine Hinweise<\/h4>\n\n\n\n<p>Die folgenden Hinweise geben einen einfachen \u00dcberblick dar\u00fcber, was mit deinen personenbezogenen Daten passiert, wenn du diese Website besuchst. Personenbezogene Daten sind alle Daten, mit denen du pers\u00f6nlich identifiziert werden kannst.<\/p>\n\n\n\n<h4 class=\"wp-block-heading\">Datenerfassung auf dieser Website<\/h4>\n\n\n\n<p>Die Datenverarbeitung auf dieser Website erfolgt durch den Websitebetreiber. Dessen Kontaktdaten kannst du dem Abschnitt <strong>\u201eVerantwortlicher\u201c<\/strong> entnehmen.<\/p>\n\n\n\n<hr class=\"wp-block-separator has-alpha-channel-opacity\"\/>\n\n\n\n<h3 class=\"wp-block-heading\">2. Verantwortlicher<\/h3>\n\n\n\n<p>Verantwortlicher im Sinne der Datenschutz-Grundverordnung (DSGVO) ist:<\/p>\n\n\n\n<p>Andr\u00e9 Loos<br>Max-Steinke-Str. 9<br>13086 Berlin<\/p>\n\n\n\n<p>Telefon: 030 \/ 92901570<br>E-Mail: <a>gdpr@bons-baisers-de-paris.com<\/a><\/p>\n\n\n\n<hr class=\"wp-block-separator has-alpha-channel-opacity\"\/>\n\n\n\n<h3 class=\"wp-block-heading\">3. Hosting<\/h3>\n\n\n\n<p>Diese Website wird bei einem externen Hosting-Anbieter betrieben.<br>Personenbezogene Daten, die auf dieser Website erfasst werden, werden auf den Servern des Hosters verarbeitet. Hierbei kann es sich insbesondere um IP-Adressen, Meta- und Kommunikationsdaten, Websitezugriffe und sonstige Daten handeln, die \u00fcber eine Website generiert werden.<\/p>\n\n\n\n<p>Der Einsatz des Hosters erfolgt zum Zwecke der Vertragserf\u00fcllung gegen\u00fcber potenziellen und bestehenden Kunden (Art. 6 Abs. 1 lit. b DSGVO) sowie im Interesse einer sicheren, schnellen und effizienten Bereitstellung unseres Online-Angebots (Art. 6 Abs. 1 lit. f DSGVO).<\/p>\n\n\n\n<hr class=\"wp-block-separator has-alpha-channel-opacity\"\/>\n\n\n\n<h3 class=\"wp-block-heading\">4. Allgemeine Hinweise und Pflichtinformationen<\/h3>\n\n\n\n<h4 class=\"wp-block-heading\">Datenschutz<\/h4>\n\n\n\n<p>Der Betreiber dieser Seiten nimmt den Schutz deiner pers\u00f6nlichen Daten sehr ernst. Personenbezogene Daten werden vertraulich und entsprechend den gesetzlichen Datenschutzvorschriften sowie dieser Datenschutzerkl\u00e4rung behandelt.<\/p>\n\n\n\n<hr class=\"wp-block-separator has-alpha-channel-opacity\"\/>\n\n\n\n<h4 class=\"wp-block-heading\">Widerruf deiner Einwilligung zur Datenverarbeitung<\/h4>\n\n\n\n<p>Viele Datenverarbeitungsvorg\u00e4nge sind nur mit deiner ausdr\u00fccklichen Einwilligung m\u00f6glich. Du kannst eine bereits erteilte Einwilligung jederzeit widerrufen. Dazu reicht eine formlose Mitteilung per E-Mail.<\/p>\n\n\n\n<hr class=\"wp-block-separator has-alpha-channel-opacity\"\/>\n\n\n\n<h4 class=\"wp-block-heading\">Beschwerderecht bei der zust\u00e4ndigen Aufsichtsbeh\u00f6rde<\/h4>\n\n\n\n<p>Im Falle datenschutzrechtlicher Verst\u00f6\u00dfe steht dir ein Beschwerderecht bei der zust\u00e4ndigen Aufsichtsbeh\u00f6rde zu. Zust\u00e4ndig ist der Landesdatenschutzbeauftragte des Bundeslandes Berlin.<\/p>\n\n\n\n<hr class=\"wp-block-separator has-alpha-channel-opacity\"\/>\n\n\n\n<h4 class=\"wp-block-heading\">Recht auf Daten\u00fcbertragbarkeit<\/h4>\n\n\n\n<p>Du hast das Recht, Daten, die wir auf Grundlage deiner Einwilligung oder in Erf\u00fcllung eines Vertrags automatisiert verarbeiten, an dich oder an einen Dritten in einem g\u00e4ngigen, maschinenlesbaren Format aush\u00e4ndigen zu lassen.<\/p>\n\n\n\n<hr class=\"wp-block-separator has-alpha-channel-opacity\"\/>\n\n\n\n<h3 class=\"wp-block-heading\">5. Auskunft, L\u00f6schung und Berichtigung<\/h3>\n\n\n\n<p>Du hast jederzeit das Recht auf unentgeltliche Auskunft \u00fcber Herkunft, Empf\u00e4nger und Zweck deiner gespeicherten personenbezogenen Daten. Au\u00dferdem hast du ein Recht auf Berichtigung oder L\u00f6schung dieser Daten.<\/p>\n\n\n\n<p>Hierzu sowie zu weiteren Fragen zum Thema Datenschutz kannst du dich jederzeit an den Verantwortlichen wenden.<\/p>\n\n\n\n<hr class=\"wp-block-separator has-alpha-channel-opacity\"\/>\n\n\n\n<h3 class=\"wp-block-heading\">6. Datenerfassung auf dieser Website<\/h3>\n\n\n\n<h4 class=\"wp-block-heading\">Server-Log-Dateien<\/h4>\n\n\n\n<p>Der Provider der Seiten erhebt und speichert automatisch Informationen in sogenannten Server-Log-Dateien, die dein Browser automatisch \u00fcbermittelt. Dies sind insbesondere:<\/p>\n\n\n\n<ul class=\"wp-block-list\">\n<li>Browsertyp und Browserversion<\/li>\n\n\n\n<li>verwendetes Betriebssystem<\/li>\n\n\n\n<li>Referrer URL<\/li>\n\n\n\n<li>Hostname des zugreifenden Rechners<\/li>\n\n\n\n<li>Uhrzeit der Serveranfrage<\/li>\n\n\n\n<li>IP-Adresse<\/li>\n<\/ul>\n\n\n\n<p>Eine Zusammenf\u00fchrung dieser Daten mit anderen Datenquellen wird nicht vorgenommen.<\/p>\n\n\n\n<p>Die Erfassung erfolgt auf Grundlage von Art. 6 Abs. 1 lit. f DSGVO zur Gew\u00e4hrleistung eines st\u00f6rungsfreien Betriebs der Website.<\/p>\n\n\n\n<hr class=\"wp-block-separator has-alpha-channel-opacity\"\/>\n\n\n\n<h3 class=\"wp-block-heading\">7. Kontaktaufnahme<\/h3>\n\n\n\n<p>Wenn du uns per E-Mail oder telefonisch kontaktierst, werden deine Angaben inklusive der von dir angegebenen Kontaktdaten zum Zwecke der Bearbeitung der Anfrage gespeichert.<\/p>\n\n\n\n<p>Die Verarbeitung erfolgt auf Grundlage von Art. 6 Abs. 1 lit. b DSGVO (vorvertragliche Ma\u00dfnahmen bzw. Vertragserf\u00fcllung).<\/p>\n\n\n\n<hr class=\"wp-block-separator has-alpha-channel-opacity\"\/>\n\n\n\n<h3 class=\"wp-block-heading\">8. Cookies<\/h3>\n\n\n\n<p>Diese Website verwendet <strong>technisch notwendige Cookies<\/strong>.<br>Cookies sind kleine Textdateien, die auf deinem Endger\u00e4t gespeichert werden und die dein Browser speichert.<\/p>\n\n\n\n<p>Notwendige Cookies sind erforderlich, um bestimmte Funktionen der Website zu erm\u00f6glichen und werden auf Grundlage von Art. 6 Abs. 1 lit. f DSGVO gespeichert.<\/p>\n\n\n\n<hr class=\"wp-block-separator has-alpha-channel-opacity\"\/>\n\n\n\n<h3 class=\"wp-block-heading\">9. WordPress<\/h3>\n\n\n\n<p>Diese Website basiert auf dem Content-Management-System WordPress.<br>WordPress selbst speichert keine personenbezogenen Daten von Websitebesuchern, kann jedoch technisch notwendige Cookies setzen (z. B. f\u00fcr Login-Status bei Administratoren).<\/p>\n\n\n\n<hr class=\"wp-block-separator has-alpha-channel-opacity\"\/>\n\n\n\n<h3 class=\"wp-block-heading\">10. SSL- bzw. TLS-Verschl\u00fcsselung<\/h3>\n\n\n\n<p>Diese Website nutzt aus Sicherheitsgr\u00fcnden eine durchgehende SSL-\/TLS-Verschl\u00fcsselung.<br>Dadurch werden \u00fcbertragene Inhalte, einschlie\u00dflich personenbezogener Daten, vor dem Zugriff durch Dritte gesch\u00fctzt.<\/p>\n\n\n\n<hr class=\"wp-block-separator has-alpha-channel-opacity\"\/>\n\n\n\n<h3 class=\"wp-block-heading\">11. \u00c4nderungen dieser Datenschutzerkl\u00e4rung<\/h3>\n\n\n\n<p>Wir behalten uns vor, diese Datenschutzerkl\u00e4rung anzupassen, damit sie stets den aktuellen rechtlichen Anforderungen entspricht oder um \u00c4nderungen unserer Leistungen umzusetzen.<\/p>\n","protected":false},"excerpt":{"rendered":"<p>1. Datenschutz auf einen Blick Allgemeine Hinweise Die folgenden Hinweise geben einen einfachen \u00dcberblick dar\u00fcber, was mit deinen personenbezogenen Daten passiert, wenn du diese Website besuchst. Personenbezogene Daten sind alle Daten, mit denen du pers\u00f6nlich identifiziert werden kannst. Datenerfassung auf dieser Website Die Datenverarbeitung auf dieser Website erfolgt durch den Websitebetreiber. Dessen Kontaktdaten kannst du [&hellip;]<\/p>\n","protected":false},"author":1,"featured_media":0,"parent":0,"menu_order":0,"comment_status":"closed","ping_status":"open","template":"","meta":{"footnotes":""},"class_list":["post-639","page","type-page","status-publish","hentry"],"_links":{"self":[{"href":"https:\/\/bons-baisers-de-paris.com\/en\/wp-json\/wp\/v2\/pages\/639","targetHints":{"allow":["GET"]}}],"collection":[{"href":"https:\/\/bons-baisers-de-paris.com\/en\/wp-json\/wp\/v2\/pages"}],"about":[{"href":"https:\/\/bons-baisers-de-paris.com\/en\/wp-json\/wp\/v2\/types\/page"}],"author":[{"embeddable":true,"href":"https:\/\/bons-baisers-de-paris.com\/en\/wp-json\/wp\/v2\/users\/1"}],"replies":[{"embeddable":true,"href":"https:\/\/bons-baisers-de-paris.com\/en\/wp-json\/wp\/v2\/comments?post=639"}],"version-history":[{"count":1,"href":"https:\/\/bons-baisers-de-paris.com\/en\/wp-json\/wp\/v2\/pages\/639\/revisions"}],"predecessor-version":[{"id":641,"href":"https:\/\/bons-baisers-de-paris.com\/en\/wp-json\/wp\/v2\/pages\/639\/revisions\/641"}],"wp:attachment":[{"href":"https:\/\/bons-baisers-de-paris.com\/en\/wp-json\/wp\/v2\/media?parent=639"}],"curies":[{"name":"wp","href":"https:\/\/api.w.org\/{rel}","templated":true}]}}