{"id":1013,"date":"2026-01-13T08:05:19","date_gmt":"2026-01-13T07:05:19","guid":{"rendered":"https:\/\/bons-baisers-de-paris.com\/home\/"},"modified":"2026-03-31T23:08:08","modified_gmt":"2026-03-31T21:08:08","slug":"home","status":"publish","type":"page","link":"https:\/\/bons-baisers-de-paris.com\/fr\/","title":{"rendered":"Accueil"},"content":{"rendered":"\n<div style=\"height:25px\" aria-hidden=\"true\" class=\"wp-block-spacer\"><\/div>\n\n\n\n<div class=\"wp-block-group alignwide bons-baisers-block is-layout-flow wp-block-group-is-layout-flow\">\n<h1 class=\"wp-block-heading has-text-align-center bons-baisers-title has-eb-garamond-font-family\">\n\t\t<span class=\"bons-main\">BONS BAISERS<\/span>\n\t\t<span class=\"bons-tail\">\n\t\t\t<span class=\"bons-de has-alex-brush-font-family\">de<\/span>\n\t\t\t<span class=\"bons-main\">PARIS<\/span>\n\t\t<\/span>\n\t<\/h1>\n\n\n\n<p class=\"has-text-align-center bons-baisers-subtitle has-alex-brush-font-family\">French Swing Jazz<\/p>\n<\/div>\n\n\n\n<div class=\"wp-block-columns alignwide is-layout-flex wp-container-core-columns-is-layout-28f84493 wp-block-columns-is-layout-flex\">\n<div class=\"wp-block-column is-layout-flow wp-block-column-is-layout-flow\">\n<figure class=\"wp-block-video aligncenter\"><video height=\"1080\" style=\"aspect-ratio: 1920 \/ 1080;\" width=\"1920\" controls src=\"https:\/\/bons-baisers-de-paris.com\/wp-content\/uploads\/2026\/02\/venez.mp4\" playsinline><\/video><\/figure>\n<\/div>\n<\/div>\n\n\n\n<div style=\"height:50px\" aria-hidden=\"true\" class=\"wp-block-spacer\"><\/div>\n\n\n\n<div class=\"wp-block-columns alignwide is-layout-flex wp-container-core-columns-is-layout-28f84493 wp-block-columns-is-layout-flex\">\n<div class=\"wp-block-column has-text-color has-link-color wp-elements-2711ea73c97f17fc335ffecb449aedb7 is-layout-flow wp-block-column-is-layout-flow\" style=\"color:#d7c856\">\n<h2 class=\"wp-block-heading has-text-align-center gold-text has-fuggles-font-family\" style=\"font-size:clamp(2.629rem, 2.629rem + ((1vw - 0.2rem) * 3.719), 5rem);\">Quand le swing fran\u00e7ais s&rsquo;offre une cure de jouvence.<\/h2>\n<\/div>\n<\/div>\n\n\n\n<div style=\"height:10px\" aria-hidden=\"true\" class=\"wp-block-spacer\"><\/div>\n\n\n\n<div class=\"wp-block-columns alignwide is-layout-flex wp-container-core-columns-is-layout-28f84493 wp-block-columns-is-layout-flex\">\n<div class=\"wp-block-column is-layout-flow wp-block-column-is-layout-flow\">\n<div class=\"wp-block-cover cover-btn-bottom\"><img loading=\"lazy\" decoding=\"async\" width=\"1024\" height=\"682\" class=\"wp-block-cover__image-background wp-image-521\" alt=\"\" src=\"https:\/\/bons-baisers-de-paris.com\/wp-content\/uploads\/2026\/02\/inspecteur_chat-1024x682.jpeg\" style=\"object-position:29% 50%\" data-object-fit=\"cover\" data-object-position=\"29% 50%\" srcset=\"https:\/\/bons-baisers-de-paris.com\/wp-content\/uploads\/2026\/02\/inspecteur_chat-1024x682.jpeg 1024w, https:\/\/bons-baisers-de-paris.com\/wp-content\/uploads\/2026\/02\/inspecteur_chat-300x200.jpeg 300w, https:\/\/bons-baisers-de-paris.com\/wp-content\/uploads\/2026\/02\/inspecteur_chat-768x512.jpeg 768w, https:\/\/bons-baisers-de-paris.com\/wp-content\/uploads\/2026\/02\/inspecteur_chat.jpeg 1280w\" sizes=\"auto, (max-width: 1024px) 100vw, 1024px\" \/><span aria-hidden=\"true\" class=\"wp-block-cover__background has-background-dim-0 has-background-dim\"><\/span><div class=\"wp-block-cover__inner-container is-layout-flow wp-block-cover-is-layout-flow\">\n<div class=\"wp-block-buttons is-horizontal is-content-justification-center is-layout-flex wp-container-core-buttons-is-layout-12780b1b wp-block-buttons-is-layout-flex\">\n<div class=\"wp-block-button is-style-outline is-style-outline--1\"><a class=\"wp-block-button__link has-text-align-left wp-element-button\" href=\"https:\/\/bons-baisers-de-paris.com\/videos\/\" style=\"box-shadow:var(--wp--preset--shadow--natural)\">D\u00e9couvrir plus de vid\u00e9os<\/a><\/div>\n<\/div>\n<\/div><\/div>\n<\/div>\n\n\n\n<div class=\"wp-block-column is-layout-flow wp-block-column-is-layout-flow\">\n<p class=\"has-text-align-left nal-justified\">Les Bons Baisers de Paris proposent un re\u0301pertoire irre\u0301sistible qui ce\u0301le\u0300bre les grands chanteurs et compositeurs franc\u0327ais, de Charles Tre\u0301net a\u0300 Yves Montand en passant par Django Reinhardt et Ste\u0301phane Grappelli. Ils offrent une cure de jouvence aux me\u0301lodies intemporelles de l&rsquo;a\u0302ge d&rsquo;or du swing franc\u0327ais et leur donne un coup de jeune qui les fait vraiment e\u0301tinceler de mille feux. Sans tomber dans les cliche\u0301s, loin du kitsch et sans le moindre accorde\u0301on, ces me\u0301lodies swinguantes brillent comme des diamants frai\u0302chement taille\u0301s, aussi se\u0301duisantes qu&rsquo;une Bardot pieds nus en marinie\u0300re sur la plage de Saint-Tropez, aussi de\u0301tendues qu&rsquo;un Maurice Chevalier sifflotant en canotier, aussi myste\u0301rieuses que Juliette Gre\u0301co dans une boi\u0302te de jazz existentialiste. Ce programme romantique au charme fou, plein de joie de vivre et avec une larme de me\u0301lancolie promet une ambiance qui respire le bonheur. <\/p>\n\n\n\n<div class=\"wp-block-buttons is-content-justification-center is-layout-flex wp-container-core-buttons-is-layout-a89b3969 wp-block-buttons-is-layout-flex\">\n<div class=\"wp-block-button is-style-outline is-style-outline--2\"><a class=\"wp-block-button__link has-text-align-center wp-element-button\" href=\"https:\/\/bons-baisers-de-paris.com\/fr\/about\/\" style=\"box-shadow:var(--wp--preset--shadow--natural)\">\u00c0 propos du groupe<\/a><\/div>\n<\/div>\n<\/div>\n<\/div>\n\n\n\n<div style=\"height:50px\" aria-hidden=\"true\" class=\"wp-block-spacer\"><\/div>\n\n\n\n<div class=\"wp-block-columns alignwide is-layout-flex wp-container-core-columns-is-layout-28f84493 wp-block-columns-is-layout-flex\">\n<div class=\"wp-block-column is-layout-flow wp-block-column-is-layout-flow\">\n<h2 class=\"wp-block-heading\">Veranstaltungen<\/h2>\n\n\n<div class=\"bbdp-event-list format-grid\"><article class=\"bbdp-event-card\"><div class=\"bbdp-event-image\"><img decoding=\"async\" loading=\"lazy\" src=\"https:\/\/bons-baisers-de-paris.com\/wp-content\/uploads\/2026\/02\/bandfoto_about_1000x816.jpg\" alt=\"Bons Baisers de Paris\"><\/div><div class=\"bbdp-event-content\"><h3 class=\"bbdp-event-title\">Bons Baisers de Paris<\/h3><p class=\"bbdp-event-meta\">St. MARIENKIRCHE \u00b7 9 avril 2026<\/p><\/div><\/article><article class=\"bbdp-event-card\"><div class=\"bbdp-event-image\"><img decoding=\"async\" loading=\"lazy\" src=\"https:\/\/bons-baisers-de-paris.com\/wp-content\/uploads\/2026\/01\/logo_bons_baisers_de_paris.jpg\" alt=\"Bons Baisers de Paris\"><\/div><div class=\"bbdp-event-content\"><h3 class=\"bbdp-event-title\">Bons Baisers de Paris<\/h3><p class=\"bbdp-event-meta\">St. MARIENKIRCHE \u00b7 16 avril 2026<\/p><\/div><\/article><article class=\"bbdp-event-card\"><div class=\"bbdp-event-image\"><img decoding=\"async\" loading=\"lazy\" src=\"https:\/\/bons-baisers-de-paris.com\/wp-content\/uploads\/2026\/02\/hanna_susanna_1600x1067.jpeg\" alt=\"Bons Baisers de Paris\"><\/div><div class=\"bbdp-event-content\"><h3 class=\"bbdp-event-title\">Bons Baisers de Paris<\/h3><p class=\"bbdp-event-meta\">Private Veranstaltung \u00b7 29 avril 2026<\/p><\/div><\/article><article class=\"bbdp-event-card\"><div class=\"bbdp-event-image\"><img decoding=\"async\" loading=\"lazy\" src=\"https:\/\/bons-baisers-de-paris.com\/wp-content\/uploads\/2026\/02\/cal-pic.jpg\" alt=\"Bons Baisers de Paris\"><\/div><div class=\"bbdp-event-content\"><h3 class=\"bbdp-event-title\">Bons Baisers de Paris<\/h3><p class=\"bbdp-event-meta\">Konzertreihe in Planung \u00b7 14 mai 2026<\/p><\/div><\/article><article class=\"bbdp-event-card\"><div class=\"bbdp-event-image\"><img decoding=\"async\" loading=\"lazy\" src=\"https:\/\/bons-baisers-de-paris.com\/wp-content\/uploads\/2026\/01\/logo_bons_baisers_de_paris.jpg\" alt=\"Bons Baisers de Paris\"><\/div><div class=\"bbdp-event-content\"><h3 class=\"bbdp-event-title\">Bons Baisers de Paris<\/h3><p class=\"bbdp-event-meta\">St. MARIENKIRCHE \u00b7 21 mai 2026<\/p><\/div><\/article><article class=\"bbdp-event-card\"><div class=\"bbdp-event-image\"><img decoding=\"async\" loading=\"lazy\" src=\"https:\/\/bons-baisers-de-paris.com\/wp-content\/uploads\/2026\/02\/hanna_susanna_1600x1067.jpeg\" alt=\"Bons Baisers de Paris\"><\/div><div class=\"bbdp-event-content\"><h3 class=\"bbdp-event-title\">Bons Baisers de Paris<\/h3><p class=\"bbdp-event-meta\">Private Veranstaltung \u00b7 3 juin 2026<\/p><\/div><\/article><article class=\"bbdp-event-card\"><div class=\"bbdp-event-image\"><img decoding=\"async\" loading=\"lazy\" src=\"https:\/\/bons-baisers-de-paris.com\/wp-content\/uploads\/2026\/01\/logo_bons_baisers_de_paris.jpg\" alt=\"Bons Baisers de Paris\"><\/div><div class=\"bbdp-event-content\"><h3 class=\"bbdp-event-title\">Bons Baisers de Paris<\/h3><p class=\"bbdp-event-meta\">in Planung \u00b7 12 juin 2026<\/p><\/div><\/article><article class=\"bbdp-event-card\"><div class=\"bbdp-event-image\"><img decoding=\"async\" loading=\"lazy\" src=\"https:\/\/bons-baisers-de-paris.com\/wp-content\/uploads\/2026\/01\/logo_bons_baisers_de_paris.jpg\" alt=\"Bons Baisers de Paris\"><\/div><div class=\"bbdp-event-content\"><h3 class=\"bbdp-event-title\">Bons Baisers de Paris<\/h3><p class=\"bbdp-event-meta\">St. MARIENKIRCHE \u00b7 18 juin 2026<\/p><\/div><\/article><\/div>\n<\/div>\n<\/div>\n\n\n\n<div style=\"height:50px\" aria-hidden=\"true\" class=\"wp-block-spacer\"><\/div>\n\n\n\n<div class=\"wp-block-columns alignwide is-layout-flex wp-container-core-columns-is-layout-28f84493 wp-block-columns-is-layout-flex\">\n<div class=\"wp-block-column is-layout-flow wp-block-column-is-layout-flow\">\n<h2 class=\"wp-block-heading\">Presse<\/h2>\n\n\n\n<p><em>By JazzRadio<br>Posted 3. October 2024<br>In Musik<\/em><\/p>\n\n\n\n<p class=\"nal-justified\">\u201eQue Rest-t-Il de Nos Amours?\u201c, \u201eLa Mer\u201c, \u201eLes Feuilles Mortes\u201c sind Melodien, die auf der ganzen Welt und seit Jahrzehnten hinweg gespielt und erz\u00e4hlt werden und die einfach nicht aus der Mode kommen, wie die deutsch-franz\u00f6sische S\u00e4ngerin Susanna Bartilla und ihr Quartett am Sonntagabend in der Kunstfabrik Schlot bewiesen haben. Als unersch\u00fctterliche Frankreichliebhaberin fesselte Susanna Bartilla ihr Publikum und entf\u00fchrte es mit ihrer samtigen Stimme und ihrer authentischen Interpretation in die Bl\u00fctezeit des franz\u00f6sischen und des Gypsy-Jazz. Zusammen mit der Geigerin Hanna Bienert, dem Gitarristen Romani Weiss und Martin Lillich am Kontrabass erfreute das symbiotische Quartett die Zuh\u00f6rer mit beeindruckenden Solo und herzzerw\u00e4rmenden Momenten, wie zum Beispiel der fragilen und meisterhaften Interpretation von \u201eLa Vie en Rose\/Schau mich bitte nicht so an\u201c im Duett mit Romani Weiss. Neben den Klassikern verliehen \u201eJolie Vie\u201c und \u201eInspecteur Chat\u201c, geschrieben und komponiert von Bartilla beziehungsweise Bartilla und Weiss, der Show auch einen Hauch von joie de vivre und Verspieltheit.<br>Durch die Zusammenarbeit mit der Geigerin Hanna Bienert, die Susanna Bartilla in Paris kennengelernt hat, ist der franz\u00f6sischsprachige Jazz in guten H\u00e4nden\u2026 et entre de bonnes cordes!   <br><em>L. Messahel<\/em><\/p>\n\n\n\n<div class=\"wp-block-buttons is-content-justification-center is-layout-flex wp-container-core-buttons-is-layout-a89b3969 wp-block-buttons-is-layout-flex\">\n<div class=\"wp-block-button is-style-outline is-style-outline--3\"><a class=\"wp-block-button__link wp-element-button\" href=\"https:\/\/bons-baisers-de-paris.com\/fr\/about\/\" style=\"box-shadow:var(--wp--preset--shadow--natural)\">\u00c0 propos du groupe<\/a><\/div>\n<\/div>\n<\/div>\n\n\n\n<div class=\"wp-block-column is-layout-flow wp-block-column-is-layout-flow\">\n<h2 class=\"wp-block-heading\">Actualit\u00e9s<\/h2>\n\n\n\n<p class=\"nal-justified\">Pour suivre nos actualit\u00e9s et d\u00e9couvrir des coulisses, suivez-nous sur nos r\u00e9seaux sociaux.<\/p>\n\n\n\n<ul class=\"wp-block-social-links has-normal-icon-size has-visible-labels is-vertical is-content-justification-center is-layout-flex wp-container-core-social-links-is-layout-ce155fab wp-block-social-links-is-layout-flex\">\n\n<li class=\"wp-social-link wp-social-link-instagram  wp-block-social-link\"><a rel=\"noopener nofollow\" target=\"_blank\" href=\"https:\/\/www.instagram.com\/bonsbaisers_swing\/\" class=\"wp-block-social-link-anchor\"><svg width=\"24\" height=\"24\" viewBox=\"0 0 24 24\" version=\"1.1\" xmlns=\"http:\/\/www.w3.org\/2000\/svg\" aria-hidden=\"true\" focusable=\"false\"><path d=\"M12,4.622c2.403,0,2.688,0.009,3.637,0.052c0.877,0.04,1.354,0.187,1.671,0.31c0.42,0.163,0.72,0.358,1.035,0.673 c0.315,0.315,0.51,0.615,0.673,1.035c0.123,0.317,0.27,0.794,0.31,1.671c0.043,0.949,0.052,1.234,0.052,3.637 s-0.009,2.688-0.052,3.637c-0.04,0.877-0.187,1.354-0.31,1.671c-0.163,0.42-0.358,0.72-0.673,1.035 c-0.315,0.315-0.615,0.51-1.035,0.673c-0.317,0.123-0.794,0.27-1.671,0.31c-0.949,0.043-1.233,0.052-3.637,0.052 s-2.688-0.009-3.637-0.052c-0.877-0.04-1.354-0.187-1.671-0.31c-0.42-0.163-0.72-0.358-1.035-0.673 c-0.315-0.315-0.51-0.615-0.673-1.035c-0.123-0.317-0.27-0.794-0.31-1.671C4.631,14.688,4.622,14.403,4.622,12 s0.009-2.688,0.052-3.637c0.04-0.877,0.187-1.354,0.31-1.671c0.163-0.42,0.358-0.72,0.673-1.035 c0.315-0.315,0.615-0.51,1.035-0.673c0.317-0.123,0.794-0.27,1.671-0.31C9.312,4.631,9.597,4.622,12,4.622 M12,3 C9.556,3,9.249,3.01,8.289,3.054C7.331,3.098,6.677,3.25,6.105,3.472C5.513,3.702,5.011,4.01,4.511,4.511 c-0.5,0.5-0.808,1.002-1.038,1.594C3.25,6.677,3.098,7.331,3.054,8.289C3.01,9.249,3,9.556,3,12c0,2.444,0.01,2.751,0.054,3.711 c0.044,0.958,0.196,1.612,0.418,2.185c0.23,0.592,0.538,1.094,1.038,1.594c0.5,0.5,1.002,0.808,1.594,1.038 c0.572,0.222,1.227,0.375,2.185,0.418C9.249,20.99,9.556,21,12,21s2.751-0.01,3.711-0.054c0.958-0.044,1.612-0.196,2.185-0.418 c0.592-0.23,1.094-0.538,1.594-1.038c0.5-0.5,0.808-1.002,1.038-1.594c0.222-0.572,0.375-1.227,0.418-2.185 C20.99,14.751,21,14.444,21,12s-0.01-2.751-0.054-3.711c-0.044-0.958-0.196-1.612-0.418-2.185c-0.23-0.592-0.538-1.094-1.038-1.594 c-0.5-0.5-1.002-0.808-1.594-1.038c-0.572-0.222-1.227-0.375-2.185-0.418C14.751,3.01,14.444,3,12,3L12,3z M12,7.378 c-2.552,0-4.622,2.069-4.622,4.622S9.448,16.622,12,16.622s4.622-2.069,4.622-4.622S14.552,7.378,12,7.378z M12,15 c-1.657,0-3-1.343-3-3s1.343-3,3-3s3,1.343,3,3S13.657,15,12,15z M16.804,6.116c-0.596,0-1.08,0.484-1.08,1.08 s0.484,1.08,1.08,1.08c0.596,0,1.08-0.484,1.08-1.08S17.401,6.116,16.804,6.116z\"><\/path><\/svg><span class=\"wp-block-social-link-label\">Instagram<\/span><\/a><\/li>\n\n<li class=\"wp-social-link wp-social-link-youtube  wp-block-social-link\"><a rel=\"noopener nofollow\" target=\"_blank\" href=\"https:\/\/www.youtube.com\/@BonsBaisersdeParis\" class=\"wp-block-social-link-anchor\"><svg width=\"24\" height=\"24\" viewBox=\"0 0 24 24\" version=\"1.1\" xmlns=\"http:\/\/www.w3.org\/2000\/svg\" aria-hidden=\"true\" focusable=\"false\"><path d=\"M21.8,8.001c0,0-0.195-1.378-0.795-1.985c-0.76-0.797-1.613-0.801-2.004-0.847c-2.799-0.202-6.997-0.202-6.997-0.202 h-0.009c0,0-4.198,0-6.997,0.202C4.608,5.216,3.756,5.22,2.995,6.016C2.395,6.623,2.2,8.001,2.2,8.001S2,9.62,2,11.238v1.517 c0,1.618,0.2,3.237,0.2,3.237s0.195,1.378,0.795,1.985c0.761,0.797,1.76,0.771,2.205,0.855c1.6,0.153,6.8,0.201,6.8,0.201 s4.203-0.006,7.001-0.209c0.391-0.047,1.243-0.051,2.004-0.847c0.6-0.607,0.795-1.985,0.795-1.985s0.2-1.618,0.2-3.237v-1.517 C22,9.62,21.8,8.001,21.8,8.001z M9.935,14.594l-0.001-5.62l5.404,2.82L9.935,14.594z\"><\/path><\/svg><span class=\"wp-block-social-link-label\">YouTube<\/span><\/a><\/li><\/ul>\n\n\n\n<div class=\"wp-block-buttons is-content-justification-center is-layout-flex wp-container-core-buttons-is-layout-a89b3969 wp-block-buttons-is-layout-flex\">\n<div class=\"wp-block-button is-style-outline is-style-outline--4\"><a class=\"wp-block-button__link has-text-align-center wp-element-button\" href=\"https:\/\/bons-baisers-de-paris.com\/fr\/about\/\" style=\"box-shadow:var(--wp--preset--shadow--natural)\">\u00c0 propos du groupe<\/a><\/div>\n<\/div>\n<\/div>\n<\/div>\n\n\n\n<div style=\"height:50px\" aria-hidden=\"true\" class=\"wp-block-spacer\"><\/div>\n\n\n\n<div class=\"wp-block-columns alignwide is-layout-flex wp-container-core-columns-is-layout-28f84493 wp-block-columns-is-layout-flex\">\n<div class=\"wp-block-column is-layout-flow wp-block-column-is-layout-flow\">\n<h2 class=\"wp-block-heading\">S\u2019abonner \u00e0 la newsletter<\/h2>\n\n\n\n<div class=\"wp-block-columns is-layout-flex wp-container-core-columns-is-layout-28f84493 wp-block-columns-is-layout-flex\">\n<div class=\"wp-block-column is-layout-flow wp-block-column-is-layout-flow\">\n<div class=\"wp-block-group has-global-padding is-layout-constrained wp-block-group-is-layout-constrained\">        <div class=\"mspwpml\" data-mode=\"subscribe\">\n            \n            <form class=\"mspwpml-form\" method=\"post\" novalidate>\n                <label for=\"mspwpml-email\">Votre adresse e-mail<\/label>\n                <input id=\"mspwpml-email\" class=\"mspwpml-input\" type=\"email\" name=\"email\" required autocomplete=\"email\" \/>\n\n                                    <label for=\"mspwpml-captcha\">Code de v\u00e9rification<\/label>\n\n                    <div class=\"mspwpml-captcha\">\n                        <img decoding=\"async\" class=\"mspwpml-captcha-img\" src=\"https:\/\/bons-baisers-de-paris.com\/wp-admin\/admin-ajax.php?action=mspwpml_captcha_image&#038;token=8cc848c0-3c04-42c0-b5fe-9e8c6a466908&#038;v=555640\" alt=\"CAPTCHA image\" \/>\n                        <button class=\"mspwpml-captcha-refresh\" type=\"button\" aria-label=\"Refresh CAPTCHA\">\u21bb<\/button>\n                        <input id=\"mspwpml-captcha\" class=\"mspwpml-input mspwpml-captcha-input\" type=\"text\" name=\"captcha\" required \/>\n                        <input type=\"hidden\" name=\"captcha_token\" value=\"8cc848c0-3c04-42c0-b5fe-9e8c6a466908\" \/>\n                    <\/div>\n                \n                <input type=\"hidden\" id=\"mspwpml_form_nonce\" name=\"mspwpml_form_nonce\" value=\"5cbbbd770a\" \/><input type=\"hidden\" name=\"_wp_http_referer\" value=\"\/fr\/wp-json\/wp\/v2\/pages\/1013\" \/>                <button class=\"mspwpml-button mspwpml-subscribe\" type=\"submit\">\n                    S\u2019abonner                <\/button>\n            <\/form>\n\n            <div class=\"mspwpml-result\" aria-live=\"polite\"><\/div>\n\n            <div class=\"mspwpml-optin mspwpml-hidden\">\n                <p>\n                    Hello , please confirm your subscription via the email we just sent you (double opt-in).                <\/p>\n            <\/div>\n        <\/div>\n        \n<\/div>\n<\/div>\n\n\n\n<div class=\"wp-block-column is-layout-flow wp-block-column-is-layout-flow\">\n<figure class=\"wp-block-image aligncenter has-custom-border is-style-rounded\"><img loading=\"lazy\" decoding=\"async\" width=\"500\" height=\"376\" src=\"https:\/\/bons-baisers-de-paris.com\/wp-content\/uploads\/2026\/02\/hanna-susanna.jpg\" alt=\"\" class=\"wp-image-804\" style=\"border-top-left-radius:100px;border-top-right-radius:0px;border-bottom-left-radius:0px;border-bottom-right-radius:100px;box-shadow:var(--wp--preset--shadow--deep)\" srcset=\"https:\/\/bons-baisers-de-paris.com\/wp-content\/uploads\/2026\/02\/hanna-susanna.jpg 500w, https:\/\/bons-baisers-de-paris.com\/wp-content\/uploads\/2026\/02\/hanna-susanna-300x226.jpg 300w\" sizes=\"auto, (max-width: 500px) 100vw, 500px\" \/><\/figure>\n<\/div>\n<\/div>\n<\/div>\n<\/div>\n","protected":false},"excerpt":{"rendered":"<p>BONS BAISERS de PARIS French Swing Jazz Quand le swing fran\u00e7ais s&rsquo;offre une cure de jouvence. Les Bons Baisers de Paris proposent un re\u0301pertoire irre\u0301sistible qui ce\u0301le\u0300bre les grands chanteurs et compositeurs franc\u0327ais, de Charles Tre\u0301net a\u0300 Yves Montand en passant par Django Reinhardt et Ste\u0301phane Grappelli. Ils offrent une cure de jouvence aux me\u0301lodies [&hellip;]<\/p>\n","protected":false},"author":1,"featured_media":0,"parent":0,"menu_order":0,"comment_status":"closed","ping_status":"open","template":"page-no-title","meta":{"footnotes":""},"class_list":["post-1013","page","type-page","status-publish","hentry"],"_links":{"self":[{"href":"https:\/\/bons-baisers-de-paris.com\/fr\/wp-json\/wp\/v2\/pages\/1013","targetHints":{"allow":["GET"]}}],"collection":[{"href":"https:\/\/bons-baisers-de-paris.com\/fr\/wp-json\/wp\/v2\/pages"}],"about":[{"href":"https:\/\/bons-baisers-de-paris.com\/fr\/wp-json\/wp\/v2\/types\/page"}],"author":[{"embeddable":true,"href":"https:\/\/bons-baisers-de-paris.com\/fr\/wp-json\/wp\/v2\/users\/1"}],"replies":[{"embeddable":true,"href":"https:\/\/bons-baisers-de-paris.com\/fr\/wp-json\/wp\/v2\/comments?post=1013"}],"version-history":[{"count":11,"href":"https:\/\/bons-baisers-de-paris.com\/fr\/wp-json\/wp\/v2\/pages\/1013\/revisions"}],"predecessor-version":[{"id":1266,"href":"https:\/\/bons-baisers-de-paris.com\/fr\/wp-json\/wp\/v2\/pages\/1013\/revisions\/1266"}],"wp:attachment":[{"href":"https:\/\/bons-baisers-de-paris.com\/fr\/wp-json\/wp\/v2\/media?parent=1013"}],"curies":[{"name":"wp","href":"https:\/\/api.w.org\/{rel}","templated":true}]}}