{"id":1049,"date":"2026-01-13T08:05:19","date_gmt":"2026-01-13T07:05:19","guid":{"rendered":"https:\/\/bons-baisers-de-paris.com\/about\/"},"modified":"2026-03-31T22:20:50","modified_gmt":"2026-03-31T20:20:50","slug":"about","status":"publish","type":"page","link":"https:\/\/bons-baisers-de-paris.com\/fr\/about\/","title":{"rendered":"Le groupe"},"content":{"rendered":"\n<div style=\"height:25px\" aria-hidden=\"true\" class=\"wp-block-spacer\"><\/div>\n\n\n\n<div class=\"wp-block-group alignwide bons-baisers-block is-layout-flow wp-block-group-is-layout-flow\">\n<h1 class=\"wp-block-heading has-text-align-center bons-baisers-title has-eb-garamond-font-family\">\n\t\t<span class=\"bons-main\">BONS BAISERS<\/span>\n\t\t<span class=\"bons-tail\">\n\t\t\t<span class=\"bons-de has-alex-brush-font-family\">de<\/span>\n\t\t\t<span class=\"bons-main\">PARIS<\/span>\n\t\t<\/span>\n\t<\/h1>\n\n\n\n<p class=\"has-text-align-center bons-baisers-subtitle has-alex-brush-font-family\">French Swing Jazz<\/p>\n<\/div>\n\n\n\n<div class=\"wp-block-group alignwide moa-row moa-img-left moa-h-800 has-global-padding is-layout-constrained wp-block-group-is-layout-constrained\">\n<div class=\"wp-block-columns alignwide is-layout-flex wp-container-core-columns-is-layout-28f84493 wp-block-columns-is-layout-flex\">\n<div class=\"wp-block-column is-layout-flow wp-block-column-is-layout-flow\">\n<div class=\"wp-block-group has-global-padding is-layout-constrained wp-block-group-is-layout-constrained\">\n<figure class=\"wp-block-image size-full\"><img loading=\"lazy\" decoding=\"async\" width=\"2560\" height=\"1707\" src=\"https:\/\/bons-baisers-de-paris.com\/wp-content\/uploads\/2026\/02\/about-edited-scaled.jpg\" alt=\"\" class=\"wp-image-1029\" title=\"Photo du groupe : Bons Baisers de Paris \u2013 Swing fran\u00e7ais, jazz\" srcset=\"https:\/\/bons-baisers-de-paris.com\/wp-content\/uploads\/2026\/02\/about-edited-scaled.jpg 2560w, https:\/\/bons-baisers-de-paris.com\/wp-content\/uploads\/2026\/02\/about-edited-300x200.jpg 300w, https:\/\/bons-baisers-de-paris.com\/wp-content\/uploads\/2026\/02\/about-edited-1024x683.jpg 1024w, https:\/\/bons-baisers-de-paris.com\/wp-content\/uploads\/2026\/02\/about-edited-768x512.jpg 768w, https:\/\/bons-baisers-de-paris.com\/wp-content\/uploads\/2026\/02\/about-edited-1536x1024.jpg 1536w, https:\/\/bons-baisers-de-paris.com\/wp-content\/uploads\/2026\/02\/about-edited-2048x1365.jpg 2048w\" sizes=\"auto, (max-width: 2560px) 100vw, 2560px\" \/><\/figure>\n<\/div>\n\n\n\n<p class=\"is-style-text-subtitle is-style-text-subtitle--1\" style=\"font-size:0.75em\">Andr\u00e9 Loos \u2013 contrebasse, Susanna Bartilla \u2013 chant, Hanna Bienert \u2013 violon, Romani Weiss \u2013 guitare (de gauche \u00e0 droite)<\/p>\n<\/div>\n\n\n\n<div class=\"wp-block-column is-layout-flow wp-block-column-is-layout-flow\">\n<p class=\"nal-justified\">Le groupe de swing jazz fran\u00e7ais Bons Baisers de Paris a \u00e9t\u00e9 fond\u00e9 en 2024 \u00e0 Berlin par la chanteuse de jazz franco-allemande Susanna Bartilla et la violoniste de jazz Hanna Bienert.<br>Les deux musiciennes ont v\u00e9cu de nombreuses ann\u00e9es \u00e0 Paris et avaient \u00e0 c\u0153ur de pr\u00e9senter cette musique unique en renon\u00e7ant aux st\u00e9r\u00e9otypes kitsch et de la faire conna\u00eetre au public allemand dans toute sa beaut\u00e9 pure et \u00e9mouvante, dans le plus grand respect des compositeurs et interpr\u00e8tes originaux. Elle constitue un patrimoine culturel tr\u00e8s appr\u00e9ci\u00e9 en France et fait partie de la culture g\u00e9n\u00e9rale pour toutes les g\u00e9n\u00e9rations de Fran\u00e7ais,<\/p>\n\n\n\n<p class=\"nal-justified\">Outre un r\u00e9pertoire soigneusement s\u00e9lectionn\u00e9 et compil\u00e9 de chansons des grands artistes des ann\u00e9es 30 \u00e0 50, les Bons Baiser interpr\u00e8tent \u00e9galement un certain nombre de titres originaux harmonieux et swingants compos\u00e9s par le guitariste du groupe Romani Wei\u00df, avec des paroles en fran\u00e7ais tant\u00f4t profonds, tant\u00f4t gaies et m\u00e9lancoliques \u00e0 la fois, \u00e9crits par la chanteuse Susanna Bartilla.<\/p>\n<\/div>\n<\/div>\n<\/div>\n\n\n\n<div class=\"wp-block-columns alignwide is-layout-flex wp-container-core-columns-is-layout-28f84493 wp-block-columns-is-layout-flex\">\n<div class=\"wp-block-column is-layout-flow wp-block-column-is-layout-flow\">\n<p class=\"has-text-align-center gold-text has-fuggles-font-family\" style=\"font-size:clamp(2.629rem, 2.629rem + ((1vw - 0.2rem) * 3.719), 5rem);\">Swing fran\u00e7ais et jazz au charme moderne<\/p>\n<\/div>\n<\/div>\n\n\n\n<div style=\"height:20px\" aria-hidden=\"true\" class=\"wp-block-spacer\"><\/div>\n\n\n\n<div class=\"wp-block-group alignwide moa-row moa-img-right has-global-padding is-layout-constrained wp-block-group-is-layout-constrained\" id=\"susanna-bartilla_hanna_bienert\">\n<div class=\"wp-block-columns alignwide is-layout-flex wp-container-core-columns-is-layout-28f84493 wp-block-columns-is-layout-flex\">\n<div class=\"wp-block-column is-layout-flow wp-block-column-is-layout-flow\">\n<h2 class=\"wp-block-heading\">Susanna Bartilla et Hanna Bienert<\/h2>\n\n\n\n<p class=\"nal-justified\">Pr\u00e9destin\u00e9es pour ce beau projet, Susanna et Hanna se sont rencontr\u00e9es il y a 15 ans \u00e0 Paris au quartier latin et se sont vite rendues compte qu&rsquo;elles avaient beaucoup de choses en commun, notamment leur ville natale, Berlin.<\/p>\n\n\n\n<p class=\"nal-justified\">Les nombreuses ann\u00e9es pass\u00e9es en France ont laiss\u00e9 aux deux musiciennes des traces profondes et un patrimoine culturel qu&rsquo;elles ont plaisir aujourd&rsquo;hui \u00e0 pr\u00e9senter au public allemand sous le nom de Bons Baisers de Paris, accompagn\u00e9es par les musiciens berlinois de renomm\u00e9e Romani Weiss \u00e0 la guitare et Andr\u00e9 Loos \u00e0 la contrebasse.<\/p>\n<\/div>\n\n\n\n<div class=\"wp-block-column is-layout-flow wp-block-column-is-layout-flow\">\n<div class=\"wp-block-group moa-media has-global-padding is-layout-constrained wp-block-group-is-layout-constrained\">\n<figure class=\"wp-block-image alignleft size-full\"><img loading=\"lazy\" decoding=\"async\" width=\"1600\" height=\"1067\" src=\"https:\/\/bons-baisers-de-paris.com\/wp-content\/uploads\/2026\/02\/WhatsApp-Image-2026-02-08-at-14.15.07.jpeg\" alt=\"\" class=\"wp-image-867\" style=\"object-fit:cover\" title=\"Foto: Susanna Bartilla und Hann Bienert\" srcset=\"https:\/\/bons-baisers-de-paris.com\/wp-content\/uploads\/2026\/02\/WhatsApp-Image-2026-02-08-at-14.15.07.jpeg 1600w, https:\/\/bons-baisers-de-paris.com\/wp-content\/uploads\/2026\/02\/WhatsApp-Image-2026-02-08-at-14.15.07-300x200.jpeg 300w, https:\/\/bons-baisers-de-paris.com\/wp-content\/uploads\/2026\/02\/WhatsApp-Image-2026-02-08-at-14.15.07-1024x683.jpeg 1024w, https:\/\/bons-baisers-de-paris.com\/wp-content\/uploads\/2026\/02\/WhatsApp-Image-2026-02-08-at-14.15.07-768x512.jpeg 768w, https:\/\/bons-baisers-de-paris.com\/wp-content\/uploads\/2026\/02\/WhatsApp-Image-2026-02-08-at-14.15.07-1536x1024.jpeg 1536w\" sizes=\"auto, (max-width: 1600px) 100vw, 1600px\" \/><\/figure>\n<\/div>\n<\/div>\n<\/div>\n<\/div>\n\n\n\n<div style=\"height:20px\" aria-hidden=\"true\" class=\"wp-block-spacer\"><\/div>\n\n\n\n<div class=\"wp-block-group alignwide moa-row moa-img-left moa-h-600 has-global-padding is-layout-constrained wp-block-group-is-layout-constrained\">\n<div class=\"wp-block-columns alignwide is-layout-flex wp-container-core-columns-is-layout-28f84493 wp-block-columns-is-layout-flex\">\n<div class=\"wp-block-column is-layout-flow wp-block-column-is-layout-flow\">\n<div class=\"wp-block-group moa-media has-global-padding is-layout-constrained wp-block-group-is-layout-constrained\">\n<figure class=\"wp-block-image alignleft size-full\"><img loading=\"lazy\" decoding=\"async\" width=\"1125\" height=\"1369\" src=\"https:\/\/bons-baisers-de-paris.com\/wp-content\/uploads\/2026\/02\/Susanna_Bartilla.jpg\" alt=\"\" class=\"wp-image-911\" style=\"object-fit:cover\" title=\"Foto: Susanna Bartilla und Hann Bienert\" srcset=\"https:\/\/bons-baisers-de-paris.com\/wp-content\/uploads\/2026\/02\/Susanna_Bartilla.jpg 1125w, https:\/\/bons-baisers-de-paris.com\/wp-content\/uploads\/2026\/02\/Susanna_Bartilla-247x300.jpg 247w, https:\/\/bons-baisers-de-paris.com\/wp-content\/uploads\/2026\/02\/Susanna_Bartilla-841x1024.jpg 841w, https:\/\/bons-baisers-de-paris.com\/wp-content\/uploads\/2026\/02\/Susanna_Bartilla-768x935.jpg 768w\" sizes=\"auto, (max-width: 1125px) 100vw, 1125px\" \/><\/figure>\n<\/div>\n<\/div>\n\n\n\n<div class=\"wp-block-column is-layout-flow wp-block-column-is-layout-flow\">\n<h2 class=\"wp-block-heading\">Susanna Bartilla<\/h2>\n\n\n\n<p class=\"nal-justified\">Vocaliste \u00e9l\u00e9gante et solaire, la berlinoise Susanna Bartilla touche au c\u0153ur par sa voix chaude et lumineuse, sa pr\u00e9sence sc\u00e9nique magn\u00e9tique et son interpr\u00e9tation juste, empreinte d\u2019\u00e9motion authentique. Captiv\u00e9, on se laisse envo\u00fbter et entra\u00eener avec subtilit\u00e9 dans son univers intimiste et chaleureux.<br>Sa voix, reconnaissable entre toutes, allie au style cool jazz West Coast classique, incarn\u00e9 par Peggy Lee ou Anita O\u2019Day, tout le charme rive gauche d&rsquo;une Juliette Greco et la sensualit\u00e9 de \u2018L&rsquo;Ange bleu\u2019, Marlene Dietrich, sa concitoyenne berlinoise.<br>Susanna a ce don rare de r\u00e9v\u00e9ler \u00e0 ceux qui l&rsquo;\u00e9coutent tout le sens profond des grands standards de jazz qui forment son r\u00e9pertoire. La m\u00e9lodie et les paroles s&rsquo;y m\u00ealent \u00e0 la perfection pour raconter les histoires de la vraie vie qui r\u00e9sonnent en nous tous.<br>Susanna a publi\u00e9 4 albums acclam\u00e9s par la presse et se produit r\u00e9guli\u00e8rement dans les clubs de jazz europ\u00e9ens, notamment \u00e0 Paris (Sunside, Petit Journal, Baiser Sal\u00e9\u2026) et Berlin (A-Trane, B-flat, ZigZag\u2026).<\/p>\n\n\n\n<p><a href=\"https:\/\/www.susannabartilla.com\" target=\"_blank\" rel=\"noreferrer noopener\">https:\/\/www.susannabartilla.com<\/a><\/p>\n<\/div>\n<\/div>\n<\/div>\n\n\n\n<div style=\"height:20px\" aria-hidden=\"true\" class=\"wp-block-spacer\"><\/div>\n\n\n\n<div class=\"wp-block-group alignwide moa-row moa-img-right moa-h-600 has-global-padding is-layout-constrained wp-block-group-is-layout-constrained\" id=\"hanna-bienert\">\n<div class=\"wp-block-columns alignwide is-layout-flex wp-container-core-columns-is-layout-28f84493 wp-block-columns-is-layout-flex\">\n<div class=\"wp-block-column is-layout-flow wp-block-column-is-layout-flow\">\n<h2 class=\"wp-block-heading\">Hanna Bienert, violon<\/h2>\n\n\n\n<p class=\"nal-justified\">La violoniste de jazz berlinoise Hanna Bienert d\u00e9marre le violon \u00e0 l&rsquo;\u00e2ge de 5 ans et c&rsquo;est \u00e0 l&rsquo;adolescence qu&rsquo;elle d\u00e9couvre sa passion pour la musique improvis\u00e9e \u00e0 la guitare, notamment le jazz. Puis elle a un v\u00e9ritable coup de foudre pour le violon jazz le jour o\u00f9 elle entend pour la premi\u00e8re fois un enregistrement de St\u00e9phane Grapelli.<\/p>\n\n\n\n<p>Elle a \u00e9tudi\u00e9 avec Ulli Bartel et particip\u00e9 \u00e0 divers projets musicaux \u00e0 Berlin avant de venir vivre sept pendant ans \u00e0 Paris pour \u00e9tudier avec le c\u00e9l\u00e8bre violoniste de jazz Didier Lockwood et plonger profond\u00e9ment dans la tradition fran\u00e7aise du violon jazz.<\/p>\n\n\n\n<p class=\"nal-justified\">Au cours de sa carri\u00e8re, Hanna s&rsquo;est produite sur de nombreuses sc\u00e8nes \u00e0 travers l&rsquo;Europe, notamment \u00e0 des festivals de jazz tel qu&rsquo;\u00c9dimbourg, Brecon et Breda. Elle se consacre \u00e9galement \u00e0 la composition et \u00e0 l&rsquo;arrangement pour le th\u00e9\u00e2tre, la musique pop et la musique de film.<\/p>\n\n\n\n<p><a href=\"https:\/\/hannabienert.com\/\" target=\"_blank\" rel=\"noreferrer noopener\">https:\/\/hannabienert.com\/<\/a><\/p>\n<\/div>\n\n\n\n<div class=\"wp-block-column is-layout-flow wp-block-column-is-layout-flow\">\n<figure class=\"wp-block-image size-large\"><img loading=\"lazy\" decoding=\"async\" width=\"811\" height=\"1024\" src=\"https:\/\/bons-baisers-de-paris.com\/wp-content\/uploads\/2026\/02\/Hanna_Bienert_1000x-811x1024.jpg\" alt=\"\" class=\"wp-image-920\" style=\"aspect-ratio:0.6670005978445281;object-fit:cover\" srcset=\"https:\/\/bons-baisers-de-paris.com\/wp-content\/uploads\/2026\/02\/Hanna_Bienert_1000x-811x1024.jpg 811w, https:\/\/bons-baisers-de-paris.com\/wp-content\/uploads\/2026\/02\/Hanna_Bienert_1000x-238x300.jpg 238w, https:\/\/bons-baisers-de-paris.com\/wp-content\/uploads\/2026\/02\/Hanna_Bienert_1000x-768x969.jpg 768w, https:\/\/bons-baisers-de-paris.com\/wp-content\/uploads\/2026\/02\/Hanna_Bienert_1000x.jpg 1000w\" sizes=\"auto, (max-width: 811px) 100vw, 811px\" \/><\/figure>\n<\/div>\n<\/div>\n<\/div>\n\n\n\n<div style=\"height:20px\" aria-hidden=\"true\" class=\"wp-block-spacer\"><\/div>\n\n\n\n<div class=\"wp-block-group alignwide moa-row moa-img-left moa-h-800 has-global-padding is-layout-constrained wp-block-group-is-layout-constrained\" id=\"Romani-Weiss\">\n<div class=\"wp-block-columns alignwide is-layout-flex wp-container-core-columns-is-layout-28f84493 wp-block-columns-is-layout-flex\">\n<div class=\"wp-block-column is-layout-flow wp-block-column-is-layout-flow\">\n<figure class=\"wp-block-image size-large\"><img loading=\"lazy\" decoding=\"async\" width=\"683\" height=\"1024\" src=\"https:\/\/bons-baisers-de-paris.com\/wp-content\/uploads\/2026\/02\/24B0C5FA-E080-44E1-A134-3214410FA964-683x1024.jpeg\" alt=\"\" class=\"wp-image-708\" style=\"aspect-ratio:0.6670005978445281;object-fit:cover\" srcset=\"https:\/\/bons-baisers-de-paris.com\/wp-content\/uploads\/2026\/02\/24B0C5FA-E080-44E1-A134-3214410FA964-683x1024.jpeg 683w, https:\/\/bons-baisers-de-paris.com\/wp-content\/uploads\/2026\/02\/24B0C5FA-E080-44E1-A134-3214410FA964-200x300.jpeg 200w, https:\/\/bons-baisers-de-paris.com\/wp-content\/uploads\/2026\/02\/24B0C5FA-E080-44E1-A134-3214410FA964-768x1152.jpeg 768w, https:\/\/bons-baisers-de-paris.com\/wp-content\/uploads\/2026\/02\/24B0C5FA-E080-44E1-A134-3214410FA964-1024x1536.jpeg 1024w, https:\/\/bons-baisers-de-paris.com\/wp-content\/uploads\/2026\/02\/24B0C5FA-E080-44E1-A134-3214410FA964-1365x2048.jpeg 1365w, https:\/\/bons-baisers-de-paris.com\/wp-content\/uploads\/2026\/02\/24B0C5FA-E080-44E1-A134-3214410FA964-scaled.jpeg 1707w\" sizes=\"auto, (max-width: 683px) 100vw, 683px\" \/><\/figure>\n<\/div>\n\n\n\n<div class=\"wp-block-column is-layout-flow wp-block-column-is-layout-flow\">\n<h2 class=\"wp-block-heading\">Romani Weiss, guitare<\/h2>\n\n\n\n<p class=\"nal-justified\">Romani grandit dans le quartier berlinois de Wedding et apprend ses premiers accords de guitare aupr\u00e8s de son cousin germain, Martin Weiss, le regrett\u00e9 violoniste de jazz de renomm\u00e9e mondiale. Ensemble, les deux jeunes musiciens prometteurs font leurs premi\u00e8res exp\u00e9riences professionnelles dans les nombreux clubs de jazz berlinois.<\/p>\n\n\n\n<p>En 1979, Romani Weiss rejoint le quintette de son c\u00e9l\u00e8bre oncle H\u00e4ns&rsquo;che Weiss qui a apport\u00e9 une contribution significative \u00e0 l&rsquo;histoire du jazz allemand, notamment au premier festival de jazz Sinti \u00e0 Darmstadt.<\/p>\n\n\n\n<p>Romani est consid\u00e9r\u00e9 comme expert d&rsquo;un jazz m\u00e9lodieux marqu\u00e9 par sa virtuosit\u00e9 entra\u00eenante, sa sensibilit\u00e9 musicale et ses courbes m\u00e9lodiques incomparables. Il est \u00e9galement un arrangeur musical chevronn\u00e9 et tr\u00e8s respect\u00e9 dont les arrangements uniques se trouvent sur de nombreux albums. Ses compositions originales mettent en valeur sa polyvalence cr\u00e9ative et son expressivit\u00e9 musicale.<\/p>\n\n\n\n<p class=\"nal-justified\">Outre son impressionnante carri\u00e8re musicale, il appara\u00eet \u00e9galement dans plusieurs documentaires t\u00e9l\u00e9vis\u00e9s, dont le film \u00ab Der lange Weg der Sinti und Roma \u00bb (Le long chemin des Sintis et des Roms), produit en 2021 pour la cha\u00eene publique allemande ARD et r\u00e9compens\u00e9 par le Prix allemand du film sur les droits de l&rsquo;homme.<\/p>\n\n\n\n<p><a href=\"https:\/\/romaniweiss.com\/\" target=\"_blank\" rel=\"noreferrer noopener\">https:\/\/romaniweiss.com\/<\/a><\/p>\n<\/div>\n<\/div>\n<\/div>\n\n\n\n<div style=\"height:20px\" aria-hidden=\"true\" class=\"wp-block-spacer\"><\/div>\n\n\n\n<div class=\"wp-block-group alignwide moa-row moa-img-right moa-h-600 has-global-padding is-layout-constrained wp-block-group-is-layout-constrained\" id=\"Andre-Loos-Andr\u00e9-Loos\">\n<div class=\"wp-block-columns alignwide is-layout-flex wp-container-core-columns-is-layout-28f84493 wp-block-columns-is-layout-flex\">\n<div class=\"wp-block-column is-layout-flow wp-block-column-is-layout-flow\">\n<h2 class=\"wp-block-heading\">Andr\u00e9 Loos, contrebasse<\/h2>\n\n\n\n<p class=\"nal-justified\">Andr\u00e9 fait ses \u00e9tudes \u00e0 l&rsquo;\u00e9cole de musique renomm\u00e9e Hanns Eisler et travaille d&rsquo;abord dans le domaine de la musique de th\u00e9\u00e2tre et de sc\u00e8ne. Ses engagements l&rsquo;ont notamment conduit au Deutsches Theater et \u00e0 diverses productions de la sc\u00e8ne th\u00e9\u00e2trale ind\u00e9pendante \u00e0 Berlin. Ce travail a tr\u00e8s t\u00f4t influenc\u00e9 sa compr\u00e9hension de la dramaturgie musicale et du travail d&rsquo;ensemble.<\/p>\n\n\n\n<p>\u00c0 partir de 1989, il se tourne de plus en plus vers le jazz apr\u00e8s avoir fait la connaissance du guitariste Romani Weiss. Ensemble, ils fondent le groupe Modern Gipsy Swing, devenu par la suite le Martin Weiss Ensemble avec l&rsquo;arriv\u00e9e du violoniste Martin Weiss. Cette formation a r\u00e9alis\u00e9 de nombreux enregistrements et donn\u00e9 de nombreux concerts au fil des d\u00e9cennies.<\/p>\n\n\n\n<p class=\"nal-justified\">Andr\u00e9 Loos est actif dans plusieurs formations, dont les Bons Baisers de Paris, le Romani Weiss Swingtett et Matrix of Emotion. Son jeu de contrebasse se caract\u00e9rise par une clart\u00e9 rythmique et un sens aigu des relations musicales.<\/p>\n<\/div>\n\n\n\n<div class=\"wp-block-column is-layout-flow wp-block-column-is-layout-flow\">\n<figure class=\"wp-block-image size-full\"><img loading=\"lazy\" decoding=\"async\" width=\"1000\" height=\"995\" src=\"https:\/\/bons-baisers-de-paris.com\/wp-content\/uploads\/2026\/02\/Andre-Loos_3_1000x995-1.jpg\" alt=\"\" class=\"wp-image-922\" style=\"aspect-ratio:0.6670005978445281;object-fit:cover\" title=\"Andr\u00e9 Loos mit Bass - funny Foto\" srcset=\"https:\/\/bons-baisers-de-paris.com\/wp-content\/uploads\/2026\/02\/Andre-Loos_3_1000x995-1.jpg 1000w, https:\/\/bons-baisers-de-paris.com\/wp-content\/uploads\/2026\/02\/Andre-Loos_3_1000x995-1-300x300.jpg 300w, https:\/\/bons-baisers-de-paris.com\/wp-content\/uploads\/2026\/02\/Andre-Loos_3_1000x995-1-150x150.jpg 150w, https:\/\/bons-baisers-de-paris.com\/wp-content\/uploads\/2026\/02\/Andre-Loos_3_1000x995-1-768x764.jpg 768w\" sizes=\"auto, (max-width: 1000px) 100vw, 1000px\" \/><\/figure>\n<\/div>\n<\/div>\n<\/div>\n","protected":false},"excerpt":{"rendered":"<p>BONS BAISERS de PARIS French Swing Jazz Andr\u00e9 Loos \u2013 contrebasse, Susanna Bartilla \u2013 chant, Hanna Bienert \u2013 violon, Romani Weiss \u2013 guitare (de gauche \u00e0 droite) Le groupe de swing jazz fran\u00e7ais Bons Baisers de Paris a \u00e9t\u00e9 fond\u00e9 en 2024 \u00e0 Berlin par la chanteuse de jazz franco-allemande Susanna Bartilla et la violoniste [&hellip;]<\/p>\n","protected":false},"author":1,"featured_media":0,"parent":0,"menu_order":0,"comment_status":"closed","ping_status":"closed","template":"page-no-title","meta":{"footnotes":""},"class_list":["post-1049","page","type-page","status-publish","hentry"],"_links":{"self":[{"href":"https:\/\/bons-baisers-de-paris.com\/fr\/wp-json\/wp\/v2\/pages\/1049","targetHints":{"allow":["GET"]}}],"collection":[{"href":"https:\/\/bons-baisers-de-paris.com\/fr\/wp-json\/wp\/v2\/pages"}],"about":[{"href":"https:\/\/bons-baisers-de-paris.com\/fr\/wp-json\/wp\/v2\/types\/page"}],"author":[{"embeddable":true,"href":"https:\/\/bons-baisers-de-paris.com\/fr\/wp-json\/wp\/v2\/users\/1"}],"replies":[{"embeddable":true,"href":"https:\/\/bons-baisers-de-paris.com\/fr\/wp-json\/wp\/v2\/comments?post=1049"}],"version-history":[{"count":17,"href":"https:\/\/bons-baisers-de-paris.com\/fr\/wp-json\/wp\/v2\/pages\/1049\/revisions"}],"predecessor-version":[{"id":1244,"href":"https:\/\/bons-baisers-de-paris.com\/fr\/wp-json\/wp\/v2\/pages\/1049\/revisions\/1244"}],"wp:attachment":[{"href":"https:\/\/bons-baisers-de-paris.com\/fr\/wp-json\/wp\/v2\/media?parent=1049"}],"curies":[{"name":"wp","href":"https:\/\/api.w.org\/{rel}","templated":true}]}}